{"id":892,"date":"2016-08-29T15:39:26","date_gmt":"2016-08-29T15:39:26","guid":{"rendered":"http:\/\/www.ben.asso.ulaval.ca\/wp\/?page_id=892"},"modified":"2016-08-29T15:39:26","modified_gmt":"2016-08-29T15:39:26","slug":"historique","status":"publish","type":"page","link":"https:\/\/www.ben.asso.ulaval.ca\/wp\/historique\/","title":{"rendered":"Historique"},"content":{"rendered":"<h2>Nos r\u00e9alisations jusqu&rsquo;\u00e0 pr\u00e9sent<\/h2>\n<p>C\u2019est en 2001 que des \u00e9tudiantes en nutrition \u00e0 l&rsquo;Universit\u00e9 Laval ont cr\u00e9\u00e9 le Comit\u00e9 de soutien \u00e0 l&rsquo;allaitement (CSA) et ont am\u00e9nag\u00e9 une salle r\u00e9serv\u00e9e aux m\u00e8res d\u00e9sirant allaiter leur b\u00e9b\u00e9 ou extraire leur lait. Avec l&rsquo;aide du Bureau d\u2019Entraide en Nutrition (BEN), le\u00a0CSA met aujourd&rsquo;hui \u00e0 la disposition des \u00e9tudiantes et travailleuses de l&rsquo;universit\u00e9 trois\u00a0salons d&rsquo;allaitement. Bien qu&rsquo;\u00e0\u00a0ses d\u00e9buts, le CSA n&rsquo;avait que\u00a09 abonn\u00e9es, elle en\u00a0compte maintenant une trentaine pour les sessions d&rsquo;automne 2014 et d&rsquo;hiver 2015.<\/p>\n<p>Le mandat principal du comit\u00e9 vise \u00e0 faire de l&rsquo;Universit\u00e9 Laval un milieu soutenant pour les m\u00e8res d\u00e9sirant allaiter conjointement avec un retour aux \u00e9tudes ou au travail.\u00a0C&rsquo;est de ce mandat qu&rsquo;est n\u00e9e l&rsquo;id\u00e9e de mettre en place sur le campus des salons d&rsquo;allaitement, locaux sp\u00e9cialement adapt\u00e9s \u00e0 l&rsquo;allaitement et \u00e0 l&rsquo;extraction du lait. Ces salons s&rsquo;av\u00e8rent des lieux intimes, tranquilles et fonctionnels qui, nous le souhaitons, sauront appuyer les m\u00e8res dans cette belle aventure qu&rsquo;est l&rsquo;allaitement.<\/p>\n<p>Un autre mandat du CSA est de promouvoir l&rsquo;allaitement au sein de l&rsquo;Universit\u00e9, mais aussi un peu partout \u00e0 Qu\u00e9bec. Pour ce\u00a0faire, le BEN et le CSA s&rsquo;impliquent dans divers \u00e9v\u00e9nements.<\/p>\n<ul>\n<li><a href=\"http:\/\/allaitement.ca\/\" target=\"_blank\">Congr\u00e8s de la Ligue La Leche<\/a>;<\/li>\n<li><a href=\"http:\/\/www.papamamanetmoi.com\/\" target=\"_blank\">Salon Papa, Maman et moi<\/a>;<\/li>\n<li><a href=\"http:\/\/www.salonmaternitepaterniteenfants.com\/fr\/montreal\" target=\"_blank\">Salon Maternit\u00e9 Paternit\u00e9 Enfants<\/a>;<\/li>\n<li><a href=\"http:\/\/saac.fsaa.ulaval.ca\/\" target=\"_blank\">Salon de la SAAC<\/a>;<\/li>\n<li><a href=\"http:\/\/meresetcie.com\/\" target=\"_blank\">Salon M\u00e8res et Cie<\/a>;<\/li>\n<li>Salon Motivation Sant\u00e9;<\/li>\n<li>Salon Nouvelle maman par laurier;<\/li>\n<\/ul>\n<p><strong>Conf\u00e9rences donn\u00e9es:<\/strong><\/p>\n<ul>\n<li>Introduction d&rsquo;aliments;<\/li>\n<li>Alimentation durant l&rsquo;allaitement.<\/li>\n<\/ul>\n<p><strong>Livres de recettes sur les pur\u00e9es<\/strong><\/p>\n<p><a href=\"https:\/\/www.ben.asso.ulaval.ca\/wp\/wp-content\/uploads\/2016\/08\/articles.png\"><img fetchpriority=\"high\" decoding=\"async\" class=\"alignnone  wp-image-893\" src=\"https:\/\/www.ben.asso.ulaval.ca\/wp\/wp-content\/uploads\/2016\/08\/articles-300x264.png\" alt=\"articles\" width=\"430\" height=\"379\" srcset=\"https:\/\/www.ben.asso.ulaval.ca\/wp\/wp-content\/uploads\/2016\/08\/articles-300x264.png 300w, https:\/\/www.ben.asso.ulaval.ca\/wp\/wp-content\/uploads\/2016\/08\/articles.png 684w\" sizes=\"(max-width: 430px) 100vw, 430px\" \/><\/a> <a href=\"https:\/\/www.ben.asso.ulaval.ca\/wp\/wp-content\/uploads\/2016\/08\/article-1.jpg\"><img decoding=\"async\" class=\"alignnone  wp-image-894\" src=\"https:\/\/www.ben.asso.ulaval.ca\/wp\/wp-content\/uploads\/2016\/08\/article-1-300x183.jpg\" alt=\"article-1\" width=\"434\" height=\"265\" srcset=\"https:\/\/www.ben.asso.ulaval.ca\/wp\/wp-content\/uploads\/2016\/08\/article-1-300x183.jpg 300w, https:\/\/www.ben.asso.ulaval.ca\/wp\/wp-content\/uploads\/2016\/08\/article-1-768x469.jpg 768w, https:\/\/www.ben.asso.ulaval.ca\/wp\/wp-content\/uploads\/2016\/08\/article-1-1024x626.jpg 1024w, https:\/\/www.ben.asso.ulaval.ca\/wp\/wp-content\/uploads\/2016\/08\/article-1.jpg 1080w\" sizes=\"(max-width: 434px) 100vw, 434px\" \/><\/a><\/p>\n","protected":false},"excerpt":{"rendered":"<p>Nos r\u00e9alisations jusqu&rsquo;\u00e0 pr\u00e9sent C\u2019est en 2001 que des \u00e9tudiantes en nutrition \u00e0 l&rsquo;Universit\u00e9 Laval ont cr\u00e9\u00e9 le Comit\u00e9 de soutien \u00e0 l&rsquo;allaitement (CSA) et ont am\u00e9nag\u00e9 une salle r\u00e9serv\u00e9e aux m\u00e8res d\u00e9sirant allaiter leur b\u00e9b\u00e9 ou extraire leur lait. &hellip; <\/p>\n","protected":false},"author":1,"featured_media":0,"parent":0,"menu_order":0,"comment_status":"closed","ping_status":"closed","template":"","meta":{"footnotes":""},"class_list":["post-892","page","type-page","status-publish","hentry"],"_links":{"self":[{"href":"https:\/\/www.ben.asso.ulaval.ca\/wp\/wp-json\/wp\/v2\/pages\/892"}],"collection":[{"href":"https:\/\/www.ben.asso.ulaval.ca\/wp\/wp-json\/wp\/v2\/pages"}],"about":[{"href":"https:\/\/www.ben.asso.ulaval.ca\/wp\/wp-json\/wp\/v2\/types\/page"}],"author":[{"embeddable":true,"href":"https:\/\/www.ben.asso.ulaval.ca\/wp\/wp-json\/wp\/v2\/users\/1"}],"replies":[{"embeddable":true,"href":"https:\/\/www.ben.asso.ulaval.ca\/wp\/wp-json\/wp\/v2\/comments?post=892"}],"version-history":[{"count":1,"href":"https:\/\/www.ben.asso.ulaval.ca\/wp\/wp-json\/wp\/v2\/pages\/892\/revisions"}],"predecessor-version":[{"id":896,"href":"https:\/\/www.ben.asso.ulaval.ca\/wp\/wp-json\/wp\/v2\/pages\/892\/revisions\/896"}],"wp:attachment":[{"href":"https:\/\/www.ben.asso.ulaval.ca\/wp\/wp-json\/wp\/v2\/media?parent=892"}],"curies":[{"name":"wp","href":"https:\/\/api.w.org\/{rel}","templated":true}]}}